{"id":32,"date":"2023-02-16T06:04:08","date_gmt":"2023-02-16T06:04:08","guid":{"rendered":"https:\/\/estructurarbienesraices.com\/?page_id=32"},"modified":"2023-03-18T04:50:19","modified_gmt":"2023-03-18T04:50:19","slug":"parcelacion-y-loteo","status":"publish","type":"page","link":"https:\/\/estructurarbienesraices.com\/index.php\/parcelacion-y-loteo\/","title":{"rendered":"Parcelaci\u00f3n y Loteo"},"content":{"rendered":"<p>[et_pb_section fb_built=&#8221;1&#8243; _builder_version=&#8221;4.19.5&#8243; _module_preset=&#8221;default&#8221; background_image=&#8221;http:\/\/estructurarbienesraices.com\/wp-content\/uploads\/2023\/02\/Cerros-del-Pacifico.jpg&#8221; global_colors_info=&#8221;{}&#8221;][\/et_pb_section][et_pb_section fb_built=&#8221;1&#8243; _builder_version=&#8221;4.19.5&#8243; _module_preset=&#8221;default&#8221; global_colors_info=&#8221;{}&#8221;][et_pb_row column_structure=&#8221;3_5,2_5&#8243; _builder_version=&#8221;4.19.5&#8243; _module_preset=&#8221;default&#8221; global_colors_info=&#8221;{}&#8221;][et_pb_column type=&#8221;3_5&#8243; _builder_version=&#8221;4.19.5&#8243; _module_preset=&#8221;default&#8221; global_colors_info=&#8221;{}&#8221;][et_pb_text _builder_version=&#8221;4.19.5&#8243; _module_preset=&#8221;default&#8221; text_font_size=&#8221;20px&#8221; global_colors_info=&#8221;{}&#8221;]<\/p>\n<h1><\/h1>\n<h1><strong><span style=\"vertical-align: inherit;\"><span style=\"vertical-align: inherit;\"><span style=\"vertical-align: inherit;\"><span style=\"vertical-align: inherit;\"><span style=\"vertical-align: inherit;\"><span style=\"vertical-align: inherit;\"><span style=\"vertical-align: inherit;\"><span style=\"vertical-align: inherit;\"><span style=\"vertical-align: inherit;\"><span style=\"vertical-align: inherit;\">Consideraciones para parcelar un terreno.<\/span><\/span><\/span><\/span><\/span><\/span><\/span><\/span><\/span><\/span><\/strong><\/h1>\n<p>&nbsp;<\/p>\n<p><span style=\"vertical-align: inherit;\"><span style=\"vertical-align: inherit;\"><span style=\"vertical-align: inherit;\"><span style=\"vertical-align: inherit;\"><span style=\"vertical-align: inherit;\"><span style=\"vertical-align: inherit;\"><span style=\"vertical-align: inherit;\"><span style=\"vertical-align: inherit;\">Si tiene como proyecto encontrar (o ya tiene) una propiedad con la cual considera la posibilidad de hacer una parcelaci\u00f3n, <\/span><\/span><\/span><\/span><\/span><\/span><\/span><\/span><strong><span style=\"vertical-align: inherit;\"><span style=\"vertical-align: inherit;\"><span style=\"vertical-align: inherit;\"><span style=\"vertical-align: inherit;\"><span style=\"vertical-align: inherit;\"><span style=\"vertical-align: inherit;\"><span style=\"vertical-align: inherit;\"><span style=\"vertical-align: inherit;\">nosotros le ayudamos.<\/span><\/span><\/span><\/span><\/span><\/span><\/span><\/span><\/strong><\/p>\n<p><span style=\"vertical-align: inherit;\"><span style=\"vertical-align: inherit;\"><span style=\"vertical-align: inherit;\"><span style=\"vertical-align: inherit;\"><span style=\"vertical-align: inherit;\"><span style=\"vertical-align: inherit;\"><span style=\"vertical-align: inherit;\"><span style=\"vertical-align: inherit;\"><span style=\"vertical-align: inherit;\"><span style=\"vertical-align: inherit;\">Una parcelaci\u00f3n o loteo de terreno implica considerar muchos factores importantes.<\/span><\/span><\/span><\/span><\/span><\/span><\/span><\/span><\/span><\/span><\/p>\n<p><strong><span style=\"vertical-align: inherit;\"><span style=\"vertical-align: inherit;\"><span style=\"vertical-align: inherit;\"><span style=\"vertical-align: inherit;\"><span style=\"vertical-align: inherit;\"><span style=\"vertical-align: inherit;\"><span style=\"vertical-align: inherit;\"><span style=\"vertical-align: inherit;\">Primero<\/span><\/span><\/span><\/span><\/span><\/span><\/span><\/span><\/strong><span style=\"vertical-align: inherit;\"><span style=\"vertical-align: inherit;\"><span style=\"vertical-align: inherit;\"><span style=\"vertical-align: inherit;\"><span style=\"vertical-align: inherit;\"><span style=\"vertical-align: inherit;\"><span style=\"vertical-align: inherit;\"><span style=\"vertical-align: inherit;\">, es importante asegurarse de que el terreno sea adecuado para la construcci\u00f3n o el uso previsto. Esto incluye tener en cuenta la topograf\u00eda del terreno, los recursos naturales, el nivel de vulnerabilidad al desastre natural y la condici\u00f3n del suelo.<\/span><\/span><\/span><\/span><\/span><\/span><\/span><\/span><\/p>\n<p><strong><span style=\"vertical-align: inherit;\"><span style=\"vertical-align: inherit;\"><span style=\"vertical-align: inherit;\"><span style=\"vertical-align: inherit;\"><span style=\"vertical-align: inherit;\"><span style=\"vertical-align: inherit;\">En segundo lugar<\/span><\/span><\/span><\/span><\/span><\/span><\/strong><span style=\"vertical-align: inherit;\"><span style=\"vertical-align: inherit;\"><span style=\"vertical-align: inherit;\"><span style=\"vertical-align: inherit;\"><span style=\"vertical-align: inherit;\"><span style=\"vertical-align: inherit;\">, se debe considerar el costo del proyecto. Esto incluye el monto total necesario para la adquisici\u00f3n del terreno y preparar el lote para el proyecto previsto. El costo tambi\u00e9n debe incluir los impuestos locales y nacionales que acompa\u00f1en la compra, el loteo y la construcci\u00f3n.\u00a0<\/span><\/span><\/span><\/span><\/span><\/span><\/p>\n<p><span style=\"vertical-align: inherit;\"><span style=\"vertical-align: inherit;\"><span style=\"vertical-align: inherit;\"><span style=\"vertical-align: inherit;\"><span style=\"vertical-align: inherit;\"><span style=\"vertical-align: inherit;\"><span style=\"vertical-align: inherit;\"><span style=\"vertical-align: inherit;\"><span style=\"vertical-align: inherit;\"><span style=\"vertical-align: inherit;\">Otro factor importante que se necesita considerar es el tiempo. Se debe planificar cuanto tiempo tomar\u00e1 el proceso desde que se adquiere el terreno hasta que est\u00e1 listo para su uso previsto. Esto incluye cosas como el tiempo de desarrollo y construcci\u00f3n, as\u00ed como tambi\u00e9n el tiempo de autorizaci\u00f3n para cada paso del proyecto.<\/span><\/span><\/span><\/span><\/span><\/span><\/span><\/span><\/span><\/span><\/p>\n<p><span style=\"vertical-align: inherit;\"><span style=\"vertical-align: inherit;\"><span style=\"vertical-align: inherit;\"><span style=\"vertical-align: inherit;\"><span style=\"vertical-align: inherit;\"><span style=\"vertical-align: inherit;\"><span style=\"vertical-align: inherit;\"><span style=\"vertical-align: inherit;\"><span style=\"vertical-align: inherit;\"><span style=\"vertical-align: inherit;\">Adem\u00e1s, la parcelaci\u00f3n implica la realizaci\u00f3n de un plan que especifique los usos previstos del terreno, la ubicaci\u00f3n de cualquier infraestructura de soporte necesaria y los requisitos de mantenimiento.<\/span><\/span><\/span><\/span><\/span><\/span><\/span><\/span><\/span><\/span><\/p>\n<p>[\/et_pb_text][\/et_pb_column][et_pb_column type=&#8221;2_5&#8243; _builder_version=&#8221;4.19.5&#8243; _module_preset=&#8221;default&#8221; global_colors_info=&#8221;{}&#8221;][et_pb_image src=&#8221;http:\/\/estructurarbienesraices.com\/wp-content\/uploads\/2023\/03\/Plano-Cerros-del-pacifico.jpg&#8221; title_text=&#8221;Plano Cerros del pac\u00edfico&#8221; _builder_version=&#8221;4.19.5&#8243; _module_preset=&#8221;default&#8221; global_colors_info=&#8221;{}&#8221;][\/et_pb_image][et_pb_text _builder_version=&#8221;4.19.5&#8243; _module_preset=&#8221;default&#8221; text_text_color=&#8221;#FFFFFF&#8221; text_font_size=&#8221;21px&#8221; background_image=&#8221;http:\/\/estructurarbienesraices.com\/wp-content\/uploads\/2023\/02\/WhatsApp-Image-2023-01-14-at-4.58.30-PM.jpeg&#8221; text_orientation=&#8221;center&#8221; global_colors_info=&#8221;{}&#8221;]<\/p>\n<p>El primer paso para saber si su lote es susceptible de ser subdivido es analizar el instrumento de planificaci\u00f3n territorial que aplique para su municipio, bien se POT, PBOT o EOT;\u00a0 y la reglamentaci\u00f3n aplicable a su propiedad.<\/p>\n<p>[\/et_pb_text][et_pb_button button_text=&#8221;Quiero una asesor\u00eda&#8221; button_alignment=&#8221;center&#8221; _builder_version=&#8221;4.19.5&#8243; _module_preset=&#8221;default&#8221; custom_button=&#8221;on&#8221; button_text_size=&#8221;22px&#8221; button_text_color=&#8221;#FFFFFF&#8221; button_bg_color=&#8221;#f2600e&#8221; button_border_color=&#8221;#f2600e&#8221; button_icon=&#8221;&#x49;||divi||400&#8243; animation_style=&#8221;zoom&#8221; animation_duration=&#8221;1050ms&#8221; hover_enabled=&#8221;0&#8243; global_colors_info=&#8221;{}&#8221; sticky_enabled=&#8221;0&#8243;][\/et_pb_button][\/et_pb_column][\/et_pb_row][\/et_pb_section]<\/p>\n","protected":false},"excerpt":{"rendered":"<p>Consideraciones para parcelar un terreno. &nbsp; Si tiene como proyecto encontrar (o ya tiene) una propiedad con la cual considera la posibilidad de hacer una parcelaci\u00f3n, nosotros le ayudamos. Una parcelaci\u00f3n o loteo de terreno implica considerar muchos factores importantes. Primero, es importante asegurarse de que el terreno sea adecuado para la construcci\u00f3n o el [&hellip;]<\/p>\n","protected":false},"author":1,"featured_media":0,"parent":0,"menu_order":0,"comment_status":"closed","ping_status":"closed","template":"","meta":{"_et_pb_use_builder":"on","_et_pb_old_content":"","_et_gb_content_width":"","om_disable_all_campaigns":false,"_monsterinsights_skip_tracking":false,"_monsterinsights_sitenote_active":false,"_monsterinsights_sitenote_note":"","_monsterinsights_sitenote_category":0,"_joinchat":[],"footnotes":""},"class_list":["post-32","page","type-page","status-publish","hentry"],"aioseo_notices":[],"_links":{"self":[{"href":"https:\/\/estructurarbienesraices.com\/index.php\/wp-json\/wp\/v2\/pages\/32","targetHints":{"allow":["GET"]}}],"collection":[{"href":"https:\/\/estructurarbienesraices.com\/index.php\/wp-json\/wp\/v2\/pages"}],"about":[{"href":"https:\/\/estructurarbienesraices.com\/index.php\/wp-json\/wp\/v2\/types\/page"}],"author":[{"embeddable":true,"href":"https:\/\/estructurarbienesraices.com\/index.php\/wp-json\/wp\/v2\/users\/1"}],"replies":[{"embeddable":true,"href":"https:\/\/estructurarbienesraices.com\/index.php\/wp-json\/wp\/v2\/comments?post=32"}],"version-history":[{"count":8,"href":"https:\/\/estructurarbienesraices.com\/index.php\/wp-json\/wp\/v2\/pages\/32\/revisions"}],"predecessor-version":[{"id":801,"href":"https:\/\/estructurarbienesraices.com\/index.php\/wp-json\/wp\/v2\/pages\/32\/revisions\/801"}],"wp:attachment":[{"href":"https:\/\/estructurarbienesraices.com\/index.php\/wp-json\/wp\/v2\/media?parent=32"}],"curies":[{"name":"wp","href":"https:\/\/api.w.org\/{rel}","templated":true}]}}